{"id":1069,"date":"2014-05-08T08:32:49","date_gmt":"2014-05-08T08:32:49","guid":{"rendered":"https:\/\/dev.cliniquealouia.com\/home\/"},"modified":"2022-11-29T17:06:47","modified_gmt":"2022-11-29T16:06:47","slug":"home","status":"publish","type":"page","link":"https:\/\/dev.cliniquealouia.com\/ar\/","title":{"rendered":"\u0627\u0644\u0635\u0641\u062d\u0629 \u0627\u0644\u0631\u0626\u064a\u0633\u064a\u0629"},"content":{"rendered":"\t\t<div data-elementor-type=\"wp-page\" data-elementor-id=\"1069\" class=\"elementor elementor-1069 elementor-11\">\n\t\t\t\t\t\t\t\t\t<section class=\"elementor-section elementor-top-section elementor-element elementor-element-ce434e0 elementor-section-boxed elementor-section-height-default elementor-section-height-default\" data-id=\"ce434e0\" data-element_type=\"section\" id=\"main-h1\" data-settings=\"{&quot;background_background&quot;:&quot;classic&quot;}\">\n\t\t\t\t\t\t<div class=\"elementor-container elementor-column-gap-default\">\n\t\t\t\t\t<div class=\"elementor-column elementor-col-100 elementor-top-column elementor-element elementor-element-5ca3a66\" data-id=\"5ca3a66\" data-element_type=\"column\">\n\t\t\t<div class=\"elementor-widget-wrap elementor-element-populated\">\n\t\t\t\t\t\t\t\t<div class=\"elementor-element elementor-element-0088bf9 elementor-widget elementor-widget-heading\" data-id=\"0088bf9\" data-element_type=\"widget\" data-widget_type=\"heading.default\">\n\t\t\t\t<div class=\"elementor-widget-container\">\n\t\t\t<style>\/*! elementor - v3.7.2 - 21-08-2022 *\/\n.elementor-heading-title{padding:0;margin:0;line-height:1}.elementor-widget-heading .elementor-heading-title[class*=elementor-size-]>a{color:inherit;font-size:inherit;line-height:inherit}.elementor-widget-heading .elementor-heading-title.elementor-size-small{font-size:15px}.elementor-widget-heading .elementor-heading-title.elementor-size-medium{font-size:19px}.elementor-widget-heading .elementor-heading-title.elementor-size-large{font-size:29px}.elementor-widget-heading .elementor-heading-title.elementor-size-xl{font-size:39px}.elementor-widget-heading .elementor-heading-title.elementor-size-xxl{font-size:59px}<\/style><h1 class=\"elementor-heading-title elementor-size-default\">\u0639\u064a\u0627\u062f\u0629 \u0637\u0628\u064a\u0629 | \u062c\u0631\u0627\u062d\u064a | \u0623\u0645\u0631\u0627\u0636 \u0627\u0644\u0646\u0633\u0627\u0621 \u0641\u064a \u0627\u0644\u062c\u0632\u0627\u0626\u0631 \u0627\u0644\u0639\u0627\u0635\u0645\u0629<\/h1>\t\t<\/div>\n\t\t\t\t<\/div>\n\t\t\t\t\t<\/div>\n\t\t<\/div>\n\t\t\t\t\t\t\t<\/div>\n\t\t<\/section>\n\t\t\t\t<section class=\"elementor-section elementor-top-section elementor-element elementor-element-ccfa464 elementor-section-boxed elementor-section-height-default elementor-section-height-default\" data-id=\"ccfa464\" data-element_type=\"section\" data-settings=\"{&quot;background_background&quot;:&quot;classic&quot;}\">\n\t\t\t\t\t\t<div class=\"elementor-container elementor-column-gap-default\">\n\t\t\t\t\t<div class=\"elementor-column elementor-col-100 elementor-top-column elementor-element elementor-element-68f4033\" data-id=\"68f4033\" data-element_type=\"column\">\n\t\t\t<div class=\"elementor-widget-wrap elementor-element-populated\">\n\t\t\t\t\t\t\t\t<div class=\"elementor-element elementor-element-0941093 elementor-widget elementor-widget-mpea-home-section-header-widget\" data-id=\"0941093\" data-element_type=\"widget\" data-widget_type=\"mpea-home-section-header-widget.default\">\n\t\t\t\t<div class=\"elementor-widget-container\">\n\t\t\t\t<div class=\"mpea-section-header\">\n\t\t\t<h2><span>Nos services<\/span><\/h2>\t<\/div>\n\t\t\t<\/div>\n\t\t\t\t<\/div>\n\t\t\t\t<div class=\"elementor-element elementor-element-f0020e6 elementor-widget elementor-widget-mpea-home-services-widget\" data-id=\"f0020e6\" data-element_type=\"widget\" data-widget_type=\"mpea-home-services-widget.default\">\n\t\t\t\t<div class=\"elementor-widget-container\">\n\t\t\t\t\t<div class=\"mpea-home-services columns three-col\">\n\t\t\t\t\t\t\t\t\t\t\t\t<article class=\"mpea-services-item-featured post-1074 service type-service status-publish has-post-thumbnail hentry clearfix\">\n\t\t\t\t\t\t<div class=\"services-item-thumb-wrapper\">\n\t\t\t\t\t\t\t\t\t\t\t\t\t\t\t\t<figure class=\"overlay-effect\">\n\t\t\t\t\t\t\t\t\t\t<img width=\"670\" height=\"500\" src=\"https:\/\/dev.cliniquealouia.com\/wp-content\/uploads\/2022\/08\/uroglogie_service.jpg\" class=\"attachment-gallery-post-single size-gallery-post-single wp-post-image\" alt=\"\" loading=\"lazy\" srcset=\"https:\/\/dev.cliniquealouia.com\/wp-content\/uploads\/2022\/08\/uroglogie_service.jpg 670w, https:\/\/dev.cliniquealouia.com\/wp-content\/uploads\/2022\/08\/uroglogie_service-300x224.jpg 300w\" sizes=\"(max-width: 670px) 100vw, 670px\" \/>\t\t\t\t\t\t\t\t\t\t<a class=\"overlay\" href=\"https:\/\/dev.cliniquealouia.com\/ar\/service\/urologie\/\"><i class=\"top\"><\/i> <i\n\t\t\t\t\t\t\t\t\t\t\t\tclass=\"bottom\"><\/i><\/a>\n\t\t\t\t\t\t\t\t\t<\/figure>\n\t\t\t\t\t\t\t\t\t\t\t\t\t\t\t<\/div>\n\t\t\t\t\t\t<div class=\"services-item-content-wrap\">\n\t\t\t\t\t\t\t<h3 class=\"services-item-title\">\n\t\t\t\t\t\t\t\t<a href=\"https:\/\/dev.cliniquealouia.com\/ar\/service\/urologie\/\">\u062c\u0631\u0627\u062d\u0629 \u0627\u0644\u0645\u0633\u0627\u0644\u0643 \u0627\u0644\u0628\u0648\u0644\u064a\u0629<\/a>\n\t\t\t\t\t\t\t<\/h3>\n\t\t\t\t\t\t\t<div class=\"services-item-content\">\n\t\t\t\t\t\t\t\t<p>\u062a\u0645 \u062a\u062c\u0647\u064a\u0632 \u0642\u0633\u0645 \u0627\u0644\u0645\u0633\u0627\u0644\u0643 \u0627\u0644\u0628\u0648\u0644\u064a\u0629 \u0628\u0645\u0646\u0635\u0629 \u062a\u0642\u0646\u064a\u0629 \u0641\u0639\u0627\u0644\u0629 \u0648\u0645\u062a\u0639\u062f\u062f\u0629 \u0627\u0644\u0627\u0633\u062a\u062e\u062f\u0627\u0645\u0627\u062a \u061b \u0648\u0644\u062f\u064a\u0647\u0627 \u0645\u0648\u0627\u0631\u062f \u0645\u062a\u0637\u0648\u0631\u0629 \u0641\u064a \u062e\u062f\u0645\u0629 \u0645\u0631\u0636\u0627\u0646\u0627.<\/p>\n\t\t\t\t\t\t\t<\/div>\n\t\t\t\t\t\t<\/div>\n\t\t\t\t\t<\/article>\n\t\t\t\t\t\t<\/div>\n\t\t\t\t<\/div>\n\t\t\t\t<\/div>\n\t\t\t\t\t<\/div>\n\t\t<\/div>\n\t\t\t\t\t\t\t<\/div>\n\t\t<\/section>\n\t\t\t\t<section class=\"elementor-section elementor-top-section elementor-element elementor-element-f7ef556 elementor-section-boxed elementor-section-height-default elementor-section-height-default\" data-id=\"f7ef556\" data-element_type=\"section\">\n\t\t\t\t\t\t<div class=\"elementor-container elementor-column-gap-default\">\n\t\t\t\t\t<div class=\"elementor-column elementor-col-100 elementor-top-column elementor-element elementor-element-8d99d2e\" data-id=\"8d99d2e\" data-element_type=\"column\">\n\t\t\t<div class=\"elementor-widget-wrap elementor-element-populated\">\n\t\t\t\t\t\t\t\t<div class=\"elementor-element elementor-element-f48120d elementor-widget elementor-widget-mpea-home-section-header-widget\" data-id=\"f48120d\" data-element_type=\"widget\" data-widget_type=\"mpea-home-section-header-widget.default\">\n\t\t\t\t<div class=\"elementor-widget-container\">\n\t\t\t\t<div class=\"mpea-section-header\">\n\t\t\t<h2><span>Sp\u00e9cialit\u00e9s<\/span><\/h2>\t<\/div>\n\t\t\t<\/div>\n\t\t\t\t<\/div>\n\t\t\t\t<div class=\"elementor-element elementor-element-f7d2332 elementor-widget elementor-widget-mpea-home-features-widget\" data-id=\"f7d2332\" data-element_type=\"widget\" data-widget_type=\"mpea-home-features-widget.default\">\n\t\t\t\t<div class=\"elementor-widget-container\">\n\t\t\t\t\t<div class=\"mpea-home-features clearfix three-col\">\n\t\t\t\t\t\t\t\t\t<div class=\"single-feature\">\n\t\t\t\t\t\t\t<div class=\"thumb-wrapper\">\n\t\t\t\t\t\t\t\t<a href=\"#\"><img src=\"https:\/\/dev.cliniquealouia.com\/wp-content\/uploads\/2022\/09\/imagerie.svg\" alt=\"Imagerie m\u00e9dicale\" class=\"feature-image\" \/><\/a>\t\t\t\t\t\t\t<\/div>\n\t\t\t\t\t\t\t<div class=\"feature-detail\">\n\t\t\t\t\t\t\t\t<h3>\n\t\t\t\t\t\t\t\t\t<a href=\"#\">Imagerie m\u00e9dicale<\/a>\t\t\t\t\t\t\t\t<\/h3>\n\t\t\t\t\t\t\t\t<p><\/p>\n\t\t\t\t\t\t\t<\/div>\n\t\t\t\t\t\t<\/div>\n\t\t\t\t\t\t\t\t\t\t\t\t<div class=\"single-feature\">\n\t\t\t\t\t\t\t<div class=\"thumb-wrapper\">\n\t\t\t\t\t\t\t\t<a href=\"#\"><img src=\"https:\/\/dev.cliniquealouia.com\/wp-content\/uploads\/2022\/09\/Pediatrie.svg\" alt=\"P\u00e9diatrie\" class=\"feature-image\" \/><\/a>\t\t\t\t\t\t\t<\/div>\n\t\t\t\t\t\t\t<div class=\"feature-detail\">\n\t\t\t\t\t\t\t\t<h3>\n\t\t\t\t\t\t\t\t\t<a href=\"#\">P\u00e9diatrie<\/a>\t\t\t\t\t\t\t\t<\/h3>\n\t\t\t\t\t\t\t\t<p><\/p>\n\t\t\t\t\t\t\t<\/div>\n\t\t\t\t\t\t<\/div>\n\t\t\t\t\t\t\t\t\t\t\t\t<div class=\"single-feature\">\n\t\t\t\t\t\t\t<div class=\"thumb-wrapper\">\n\t\t\t\t\t\t\t\t<a href=\"#\"><img src=\"https:\/\/dev.cliniquealouia.com\/wp-content\/uploads\/2022\/09\/orthopedie.svg\" alt=\"Orthop\u00e9die\" class=\"feature-image\" \/><\/a>\t\t\t\t\t\t\t<\/div>\n\t\t\t\t\t\t\t<div class=\"feature-detail\">\n\t\t\t\t\t\t\t\t<h3>\n\t\t\t\t\t\t\t\t\t<a href=\"#\">Orthop\u00e9die<\/a>\t\t\t\t\t\t\t\t<\/h3>\n\t\t\t\t\t\t\t\t<p><\/p>\n\t\t\t\t\t\t\t<\/div>\n\t\t\t\t\t\t<\/div>\n\t\t\t\t\t\t\t\t\t\t\t\t<div class=\"single-feature\">\n\t\t\t\t\t\t\t<div class=\"thumb-wrapper\">\n\t\t\t\t\t\t\t\t<a href=\"#\"><img src=\"https:\/\/dev.cliniquealouia.com\/wp-content\/uploads\/2022\/09\/chir-gene.svg\" alt=\"Chirurgie g\u00e9n\u00e9rale\" class=\"feature-image\" \/><\/a>\t\t\t\t\t\t\t<\/div>\n\t\t\t\t\t\t\t<div class=\"feature-detail\">\n\t\t\t\t\t\t\t\t<h3>\n\t\t\t\t\t\t\t\t\t<a href=\"#\">Chirurgie g\u00e9n\u00e9rale<\/a>\t\t\t\t\t\t\t\t<\/h3>\n\t\t\t\t\t\t\t\t<p><\/p>\n\t\t\t\t\t\t\t<\/div>\n\t\t\t\t\t\t<\/div>\n\t\t\t\t\t\t\t\t\t\t\t\t<div class=\"single-feature\">\n\t\t\t\t\t\t\t<div class=\"thumb-wrapper\">\n\t\t\t\t\t\t\t\t<a href=\"#\"><img src=\"https:\/\/dev.cliniquealouia.com\/wp-content\/uploads\/2022\/09\/neuro-chir.svg\" alt=\"Neuro-chirurgie\" class=\"feature-image\" \/><\/a>\t\t\t\t\t\t\t<\/div>\n\t\t\t\t\t\t\t<div class=\"feature-detail\">\n\t\t\t\t\t\t\t\t<h3>\n\t\t\t\t\t\t\t\t\t<a href=\"#\">Neuro-chirurgie<\/a>\t\t\t\t\t\t\t\t<\/h3>\n\t\t\t\t\t\t\t\t<p><\/p>\n\t\t\t\t\t\t\t<\/div>\n\t\t\t\t\t\t<\/div>\n\t\t\t\t\t\t\t\t\t\t\t\t<div class=\"single-feature\">\n\t\t\t\t\t\t\t<div class=\"thumb-wrapper\">\n\t\t\t\t\t\t\t\t<a href=\"#\"><img src=\"https:\/\/dev.cliniquealouia.com\/wp-content\/uploads\/2022\/09\/Urologie.svg\" alt=\"Urologie\" class=\"feature-image\" \/><\/a>\t\t\t\t\t\t\t<\/div>\n\t\t\t\t\t\t\t<div class=\"feature-detail\">\n\t\t\t\t\t\t\t\t<h3>\n\t\t\t\t\t\t\t\t\t<a href=\"#\">Urologie<\/a>\t\t\t\t\t\t\t\t<\/h3>\n\t\t\t\t\t\t\t\t<p><\/p>\n\t\t\t\t\t\t\t<\/div>\n\t\t\t\t\t\t<\/div>\n\t\t\t\t\t\t\t\t\t\t\t\t<div class=\"single-feature\">\n\t\t\t\t\t\t\t<div class=\"thumb-wrapper\">\n\t\t\t\t\t\t\t\t<a href=\"#\"><img src=\"https:\/\/dev.cliniquealouia.com\/wp-content\/uploads\/2022\/09\/gyneco.svg\" alt=\"Gyn\u00e9cologie obst\u00e9trique\" class=\"feature-image\" \/><\/a>\t\t\t\t\t\t\t<\/div>\n\t\t\t\t\t\t\t<div class=\"feature-detail\">\n\t\t\t\t\t\t\t\t<h3>\n\t\t\t\t\t\t\t\t\t<a href=\"#\">Gyn\u00e9cologie obst\u00e9trique<\/a>\t\t\t\t\t\t\t\t<\/h3>\n\t\t\t\t\t\t\t\t<p><\/p>\n\t\t\t\t\t\t\t<\/div>\n\t\t\t\t\t\t<\/div>\n\t\t\t\t\t\t\t\t\t\t\t\t<div class=\"single-feature\">\n\t\t\t\t\t\t\t<div class=\"thumb-wrapper\">\n\t\t\t\t\t\t\t\t<a href=\"#\"><img src=\"https:\/\/dev.cliniquealouia.com\/wp-content\/uploads\/2022\/09\/medecin-gene.svg\" alt=\"M\u00e9decine g\u00e9n\u00e9rale\" class=\"feature-image\" \/><\/a>\t\t\t\t\t\t\t<\/div>\n\t\t\t\t\t\t\t<div class=\"feature-detail\">\n\t\t\t\t\t\t\t\t<h3>\n\t\t\t\t\t\t\t\t\t<a href=\"#\">M\u00e9decine g\u00e9n\u00e9rale<\/a>\t\t\t\t\t\t\t\t<\/h3>\n\t\t\t\t\t\t\t\t<p><\/p>\n\t\t\t\t\t\t\t<\/div>\n\t\t\t\t\t\t<\/div>\n\t\t\t\t\t\t\t\t\t\t\t\t<div class=\"single-feature\">\n\t\t\t\t\t\t\t<div class=\"thumb-wrapper\">\n\t\t\t\t\t\t\t\t<a href=\"#\"><img src=\"https:\/\/dev.cliniquealouia.com\/wp-content\/uploads\/2022\/09\/biologie.svg\" alt=\"Biologie m\u00e9dicale\" class=\"feature-image\" \/><\/a>\t\t\t\t\t\t\t<\/div>\n\t\t\t\t\t\t\t<div class=\"feature-detail\">\n\t\t\t\t\t\t\t\t<h3>\n\t\t\t\t\t\t\t\t\t<a href=\"#\">Biologie m\u00e9dicale<\/a>\t\t\t\t\t\t\t\t<\/h3>\n\t\t\t\t\t\t\t\t<p><\/p>\n\t\t\t\t\t\t\t<\/div>\n\t\t\t\t\t\t<\/div>\n\t\t\t\t\t\t\t\t<\/div>\n\t\t\t\t<\/div>\n\t\t\t\t<\/div>\n\t\t\t\t\t<\/div>\n\t\t<\/div>\n\t\t\t\t\t\t\t<\/div>\n\t\t<\/section>\n\t\t\t\t<section class=\"elementor-section elementor-top-section elementor-element elementor-element-34d560e elementor-section-boxed elementor-section-height-default elementor-section-height-default\" data-id=\"34d560e\" data-element_type=\"section\" data-settings=\"{&quot;background_background&quot;:&quot;classic&quot;}\">\n\t\t\t\t\t\t<div class=\"elementor-container elementor-column-gap-default\">\n\t\t\t\t\t<div class=\"elementor-column elementor-col-100 elementor-top-column elementor-element elementor-element-915f226\" data-id=\"915f226\" data-element_type=\"column\">\n\t\t\t<div class=\"elementor-widget-wrap elementor-element-populated\">\n\t\t\t\t\t\t\t\t<div class=\"elementor-element elementor-element-94b6e7d elementor-widget elementor-widget-mpea-home-section-header-widget\" data-id=\"94b6e7d\" data-element_type=\"widget\" data-widget_type=\"mpea-home-section-header-widget.default\">\n\t\t\t\t<div class=\"elementor-widget-container\">\n\t\t\t\t<div class=\"mpea-section-header\">\n\t\t\t<h2><span>T\u00e9moignages<\/span><\/h2>\t<\/div>\n\t\t\t<\/div>\n\t\t\t\t<\/div>\n\t\t\t\t<div class=\"elementor-element elementor-element-b5a5fba elementor-widget elementor-widget-mpea-home-testimonials-widget\" data-id=\"b5a5fba\" data-element_type=\"widget\" data-widget_type=\"mpea-home-testimonials-widget.default\">\n\t\t\t\t<div class=\"elementor-widget-container\">\n\t\t\t\t\t<div class=\"mpea-home-testimonial clearfix\" data-variation=\"classic\">\n\n\t\t\t<div class=\"text-center\">\n\t\t\t\t<div class=\"mpea-testi-flexslider\">\n\t\t\t\t\t<ul class=\"slides\">\n\t\t\t\t\t\t<li>\u0644\u0645 \u064a\u062a\u0645 \u0627\u0644\u0639\u062b\u0648\u0631 \u0639\u0644\u0649 \u0634\u0647\u0627\u062f\u0629!<\/li>\t\t\t\t\t<\/ul>\n\t\t\t\t<\/div>\n\t\t\t<\/div>\n\t\t<\/div>\n\t\t\t\t<\/div>\n\t\t\t\t<\/div>\n\t\t\t\t\t<\/div>\n\t\t<\/div>\n\t\t\t\t\t\t\t<\/div>\n\t\t<\/section>\n\t\t\t\t<section class=\"elementor-section elementor-top-section elementor-element elementor-element-c22aba8 elementor-section-boxed elementor-section-height-default elementor-section-height-default\" data-id=\"c22aba8\" data-element_type=\"section\">\n\t\t\t\t\t\t<div class=\"elementor-container elementor-column-gap-default\">\n\t\t\t\t\t<div class=\"elementor-column elementor-col-100 elementor-top-column elementor-element elementor-element-cc12865\" data-id=\"cc12865\" data-element_type=\"column\">\n\t\t\t<div class=\"elementor-widget-wrap elementor-element-populated\">\n\t\t\t\t\t\t\t\t<div class=\"elementor-element elementor-element-b0d63e2 elementor-widget elementor-widget-mpea-home-section-header-widget\" data-id=\"b0d63e2\" data-element_type=\"widget\" data-widget_type=\"mpea-home-section-header-widget.default\">\n\t\t\t\t<div class=\"elementor-widget-container\">\n\t\t\t\t<div class=\"mpea-section-header\">\n\t\t\t<h2><span>Galerie<\/span><\/h2>\t<\/div>\n\t\t\t<\/div>\n\t\t\t\t<\/div>\n\t\t\t\t<div class=\"elementor-element elementor-element-e76670e elementor-arrows-position-inside elementor-pagination-position-outside elementor-widget elementor-widget-image-carousel\" data-id=\"e76670e\" data-element_type=\"widget\" data-settings=\"{&quot;slides_to_show&quot;:&quot;1&quot;,&quot;navigation&quot;:&quot;both&quot;,&quot;autoplay&quot;:&quot;yes&quot;,&quot;pause_on_hover&quot;:&quot;yes&quot;,&quot;pause_on_interaction&quot;:&quot;yes&quot;,&quot;autoplay_speed&quot;:5000,&quot;infinite&quot;:&quot;yes&quot;,&quot;effect&quot;:&quot;slide&quot;,&quot;speed&quot;:500}\" data-widget_type=\"image-carousel.default\">\n\t\t\t\t<div class=\"elementor-widget-container\">\n\t\t\t<style>\/*! elementor - v3.7.2 - 21-08-2022 *\/\n.elementor-widget-image-carousel .swiper-container{position:static}.elementor-widget-image-carousel .swiper-container .swiper-slide figure{line-height:inherit}.elementor-widget-image-carousel .swiper-slide{text-align:center}.elementor-image-carousel-wrapper:not(.swiper-container-initialized) .swiper-slide{max-width:calc(100% \/ var(--e-image-carousel-slides-to-show, 3))}<\/style>\t\t<div class=\"elementor-image-carousel-wrapper swiper-container\" dir=\"ltr\">\n\t\t\t<div class=\"elementor-image-carousel swiper-wrapper\">\n\t\t\t\t\t\t\t\t<div class=\"swiper-slide\"><figure class=\"swiper-slide-inner\"><img class=\"swiper-slide-image\" src=\"https:\/\/dev.cliniquealouia.com\/wp-content\/uploads\/2022\/08\/slide0.jpg\" alt=\"slide0\" \/><\/figure><\/div><div class=\"swiper-slide\"><figure class=\"swiper-slide-inner\"><img class=\"swiper-slide-image\" src=\"https:\/\/dev.cliniquealouia.com\/wp-content\/uploads\/2022\/08\/slide1-1.jpg\" alt=\"slide1\" \/><\/figure><\/div><div class=\"swiper-slide\"><figure class=\"swiper-slide-inner\"><img class=\"swiper-slide-image\" src=\"https:\/\/dev.cliniquealouia.com\/wp-content\/uploads\/2022\/08\/slide2.jpg\" alt=\"slide2\" \/><\/figure><\/div><div class=\"swiper-slide\"><figure class=\"swiper-slide-inner\"><img class=\"swiper-slide-image\" src=\"https:\/\/dev.cliniquealouia.com\/wp-content\/uploads\/2022\/08\/slide3.jpg\" alt=\"slide3\" \/><\/figure><\/div><div class=\"swiper-slide\"><figure class=\"swiper-slide-inner\"><img class=\"swiper-slide-image\" src=\"https:\/\/dev.cliniquealouia.com\/wp-content\/uploads\/2022\/08\/slide4.jpg\" alt=\"slide4\" \/><\/figure><\/div><div class=\"swiper-slide\"><figure class=\"swiper-slide-inner\"><img class=\"swiper-slide-image\" src=\"https:\/\/dev.cliniquealouia.com\/wp-content\/uploads\/2022\/08\/slide5.jpg\" alt=\"slide5\" \/><\/figure><\/div><div class=\"swiper-slide\"><figure class=\"swiper-slide-inner\"><img class=\"swiper-slide-image\" src=\"https:\/\/dev.cliniquealouia.com\/wp-content\/uploads\/2022\/08\/slide6.jpg\" alt=\"slide6\" \/><\/figure><\/div>\t\t\t<\/div>\n\t\t\t\t\t\t\t\t\t\t\t\t<div class=\"swiper-pagination\"><\/div>\n\t\t\t\t\t\t\t\t\t\t\t\t\t<div class=\"elementor-swiper-button elementor-swiper-button-prev\">\n\t\t\t\t\t\t<i aria-hidden=\"true\" class=\"eicon-chevron-left\"><\/i>\t\t\t\t\t\t<span class=\"elementor-screen-only\">\u0627\u0644\u0633\u0627\u0628\u0642<\/span>\n\t\t\t\t\t<\/div>\n\t\t\t\t\t<div class=\"elementor-swiper-button elementor-swiper-button-next\">\n\t\t\t\t\t\t<i aria-hidden=\"true\" class=\"eicon-chevron-right\"><\/i>\t\t\t\t\t\t<span class=\"elementor-screen-only\">\u0627\u0644\u062a\u0627\u0644\u064a<\/span>\n\t\t\t\t\t<\/div>\n\t\t\t\t\t\t\t\t\t<\/div>\n\t\t\t\t<\/div>\n\t\t\t\t<\/div>\n\t\t\t\t\t<\/div>\n\t\t<\/div>\n\t\t\t\t\t\t\t<\/div>\n\t\t<\/section>\n\t\t\t\t\t\t\t<\/div>\n\t\t","protected":false},"excerpt":{"rendered":"<p>\u0639\u064a\u0627\u062f\u0629 \u0637\u0628\u064a\u0629 | \u062c\u0631\u0627\u062d\u064a | \u0623\u0645\u0631\u0627\u0636 \u0627\u0644\u0646\u0633\u0627\u0621 \u0641\u064a \u0627\u0644\u062c\u0632\u0627\u0626\u0631 \u0627\u0644\u0639\u0627\u0635\u0645\u0629 Nos services Service d\u2019imagerie m\u00e9dicale La clinique ALOUIA dispose d\u2019un centre d&#8217;imagerie m\u00e9dicale complet, \u00e9quip\u00e9 de la derni\u00e8re technologie de pointe Allemande de marque SIEMENS. Service d\u2019urgences m\u00e9dico-chirurgicales Le service d\u2019urgences m\u00e9dico-chirurgicales de la clinique ALOUIA est ouvert \u00e0 sa patient\u00e8le 7jours\/7 ; 24h\/24 pour [&hellip;]<\/p>\n","protected":false},"author":1,"featured_media":0,"parent":0,"menu_order":0,"comment_status":"open","ping_status":"open","template":"templates\/home.php","meta":{"inline_featured_image":false,"ub_ctt_via":""},"aioseo_notices":[],"featured_image_src":null,"_links":{"self":[{"href":"https:\/\/dev.cliniquealouia.com\/ar\/wp-json\/wp\/v2\/pages\/1069"}],"collection":[{"href":"https:\/\/dev.cliniquealouia.com\/ar\/wp-json\/wp\/v2\/pages"}],"about":[{"href":"https:\/\/dev.cliniquealouia.com\/ar\/wp-json\/wp\/v2\/types\/page"}],"author":[{"embeddable":true,"href":"https:\/\/dev.cliniquealouia.com\/ar\/wp-json\/wp\/v2\/users\/1"}],"replies":[{"embeddable":true,"href":"https:\/\/dev.cliniquealouia.com\/ar\/wp-json\/wp\/v2\/comments?post=1069"}],"version-history":[{"count":4,"href":"https:\/\/dev.cliniquealouia.com\/ar\/wp-json\/wp\/v2\/pages\/1069\/revisions"}],"predecessor-version":[{"id":1073,"href":"https:\/\/dev.cliniquealouia.com\/ar\/wp-json\/wp\/v2\/pages\/1069\/revisions\/1073"}],"wp:attachment":[{"href":"https:\/\/dev.cliniquealouia.com\/ar\/wp-json\/wp\/v2\/media?parent=1069"}],"curies":[{"name":"wp","href":"https:\/\/api.w.org\/{rel}","templated":true}]}}